{"id":21,"date":"2025-01-22T19:24:03","date_gmt":"2025-01-22T19:24:03","guid":{"rendered":"https:\/\/tue-c.dk\/?page_id=21"},"modified":"2025-04-02T16:18:19","modified_gmt":"2025-04-02T16:18:19","slug":"side-2","status":"publish","type":"page","link":"https:\/\/tue-c.dk\/","title":{"rendered":""},"content":{"rendered":"\n<div class=\"wp-block-group alignfull has-contrast-color has-base-background-color has-text-color has-background has-link-color wp-elements-e91363b58c396101fca81efee14bb484 has-global-padding is-layout-constrained wp-container-core-group-is-layout-873ee6b1 wp-block-group-is-layout-constrained\" style=\"margin-top:0;margin-bottom:0;padding-top:var(--wp--preset--spacing--60);padding-right:var(--wp--preset--spacing--50);padding-bottom:var(--wp--preset--spacing--60);padding-left:var(--wp--preset--spacing--50)\">\n<div class=\"wp-block-columns alignwide is-layout-flex wp-container-core-columns-is-layout-28f84493 wp-block-columns-is-layout-flex\" style=\"border-style:none;border-width:0px\">\n<div class=\"wp-block-column is-layout-flow wp-block-column-is-layout-flow\" style=\"flex-basis:80%\">\n<h2 class=\"wp-block-heading\" style=\"font-size:clamp(2.375rem, 2.375rem + ((1vw - 0.2rem) * 3.176), 4.4rem);\">Tue-C<\/h2>\n\n\n\n<p class=\"is-style-text-display has-large-font-size is-style-text-display--1\">Tue-C Holding ApS, cvr: 41400935<br>Er Holdingselskab for nedenst\u00e5ende selskab.<br>Mail: holding@tue-c.dk <\/p>\n\n\n\n<p class=\"has-large-font-size\">Tue-C Ejendomsselskab ApS, cvr: 44897466<br>Mail: ejendomsselskab@tue-c.dk<br>Bank: Jyske Bank, konto: 7316-1078503<\/p>\n\n\n\n<p>Postadresse:<br>Balstrupvej 115, 4100 Ringsted.<\/p>\n\n\n\n<p>Svend Tue Christensen kan tr\u00e6ffes p\u00e5 telefon<br>2214 2429. (Helst kun p\u00e5 hverdage).<\/p>\n<\/div>\n\n\n\n<div class=\"wp-block-column is-vertically-aligned-center is-style-default is-layout-flow wp-container-core-column-is-layout-92d440f1 wp-block-column-is-layout-flow\" style=\"border-style:none;border-width:0px;border-radius:0px;padding-top:0;padding-bottom:0;font-size:clamp(35.641px, 2.228rem + ((1vw - 3.2px) * 2.878), 65px);flex-basis:40%\">\n<figure class=\"wp-block-image size-medium is-resized has-custom-border\"><img loading=\"lazy\" decoding=\"async\" width=\"300\" height=\"225\" src=\"https:\/\/tue-c.dk\/wp-content\/uploads\/2025\/04\/sketch_to_image_20250326_2144082-300x225.jpg\" alt=\"\" class=\"wp-image-43\" style=\"border-style:none;border-width:0px;border-radius:0px;object-fit:cover;width:375px;height:auto\" srcset=\"https:\/\/tue-c.dk\/wp-content\/uploads\/2025\/04\/sketch_to_image_20250326_2144082-300x225.jpg 300w, https:\/\/tue-c.dk\/wp-content\/uploads\/2025\/04\/sketch_to_image_20250326_2144082-1024x767.jpg 1024w, https:\/\/tue-c.dk\/wp-content\/uploads\/2025\/04\/sketch_to_image_20250326_2144082-768x575.jpg 768w, https:\/\/tue-c.dk\/wp-content\/uploads\/2025\/04\/sketch_to_image_20250326_2144082.jpg 1533w\" sizes=\"auto, (max-width: 300px) 100vw, 300px\" \/><\/figure>\n<\/div>\n<\/div>\n<\/div>\n","protected":false},"excerpt":{"rendered":"<p>Tue-C Tue-C Holding ApS, cvr: 41400935Er Holdingselskab for nedenst\u00e5ende selskab.Mail: holding@tue-c.dk Tue-C Ejendomsselskab ApS, cvr: 44897466Mail: ejendomsselskab@tue-c.dkBank: Jyske Bank, konto: 7316-1078503 Postadresse:Balstrupvej 115, 4100 Ringsted. Svend Tue Christensen kan tr\u00e6ffes p\u00e5 telefon2214 2429. (Helst kun p\u00e5 hverdage).<\/p>\n","protected":false},"author":1,"featured_media":0,"parent":0,"menu_order":0,"comment_status":"closed","ping_status":"closed","template":"","meta":{"footnotes":""},"class_list":["post-21","page","type-page","status-publish","hentry"],"_links":{"self":[{"href":"https:\/\/tue-c.dk\/index.php?rest_route=\/wp\/v2\/pages\/21","targetHints":{"allow":["GET"]}}],"collection":[{"href":"https:\/\/tue-c.dk\/index.php?rest_route=\/wp\/v2\/pages"}],"about":[{"href":"https:\/\/tue-c.dk\/index.php?rest_route=\/wp\/v2\/types\/page"}],"author":[{"embeddable":true,"href":"https:\/\/tue-c.dk\/index.php?rest_route=\/wp\/v2\/users\/1"}],"replies":[{"embeddable":true,"href":"https:\/\/tue-c.dk\/index.php?rest_route=%2Fwp%2Fv2%2Fcomments&post=21"}],"version-history":[{"count":16,"href":"https:\/\/tue-c.dk\/index.php?rest_route=\/wp\/v2\/pages\/21\/revisions"}],"predecessor-version":[{"id":51,"href":"https:\/\/tue-c.dk\/index.php?rest_route=\/wp\/v2\/pages\/21\/revisions\/51"}],"wp:attachment":[{"href":"https:\/\/tue-c.dk\/index.php?rest_route=%2Fwp%2Fv2%2Fmedia&parent=21"}],"curies":[{"name":"wp","href":"https:\/\/api.w.org\/{rel}","templated":true}]}}